{"id":334,"date":"2025-08-28T12:45:39","date_gmt":"2025-08-28T12:45:39","guid":{"rendered":"http:\/\/dev.autodoc.megasite.tech\/about-us\/facts-figures\/"},"modified":"2025-10-10T10:05:31","modified_gmt":"2025-10-10T10:05:31","slug":"facts-figures","status":"publish","type":"page","link":"http:\/\/dev.autodoc.megasite.tech\/de\/about-us\/facts-figures\/","title":{"rendered":"Fakten &amp; Zahlen"},"content":{"rendered":"<section class=\"hero\" >\r\n\t<div class=\"hero__wrapper\">\r\n\t\t\r\n\t\t<div class=\"container\">\r\n\t\t\t<div class=\"hero__head\">\r\n\t\t\t\t<div class=\"hero__head--inner\">\r\n\t\t\t\t\t\t\t\t\t\t\t<h1 class=\"hero__head--title\">Fakten &amp; Zahlen<\/h1>\r\n\t\t\t\t\t\t\t\t\t\t\r\n\t\t\t\t\t\t\t\t\t\t\t<h2 class=\"hero__head--subtitle h5\">Subtitle<\/h2>\r\n\t\t\t\t\t\t\t\t\t<\/div>\r\n\t\t\t\t\r\n\t\t\t\t\t\t\t\t\t<div class=\"hero__head--content\">\r\n\t\t\t\t\t\t<p>Lorem ipsum dolor sit amet, consectetur adipiscing elit. Quisque tincidunt volutpat odio, finibus sodales nibh accumsan vehicula. Sed vitae sodales urna. Curabitur aliquet nisl orci, et ultricies nunc ullamcorper vitae.<\/p>\n\t\t\t\t\t<\/div>\r\n\t\t\t\t\t\t\t<\/div>\r\n\t\t<\/div>\r\n\t\t\r\n\t\t\t\t\t\t<div class=\"hero__image \">\r\n\t\t\t\t\t\t\t\t\t\t\t\t<img width=\"1440\" height=\"520\" src=\"http:\/\/dev.autodoc.megasite.tech\/wp-content\/uploads\/2025\/09\/facts-and-figures-baner-1.webp\" class=\"hero-banner\" alt=\"\" loading=\"eager\" decoding=\"async\" fetchpriority=\"high\" aria-hidden=\"true\" role=\"presentation\" srcset=\"http:\/\/dev.autodoc.megasite.tech\/wp-content\/uploads\/2025\/09\/facts-and-figures-baner-1.webp 1440w, http:\/\/dev.autodoc.megasite.tech\/wp-content\/uploads\/2025\/09\/facts-and-figures-baner-1-300x108.webp 300w, http:\/\/dev.autodoc.megasite.tech\/wp-content\/uploads\/2025\/09\/facts-and-figures-baner-1-1024x370.webp 1024w, http:\/\/dev.autodoc.megasite.tech\/wp-content\/uploads\/2025\/09\/facts-and-figures-baner-1-768x277.webp 768w\" sizes=\"(max-width: 1440px) 100vw, 1440px\" \/>\t\t\t\t\t\t\t\t\t\t<\/div>\r\n\t\t\t\t\t\r\n\t\t\t\r\n\t<\/div>\r\n<\/section>\r\n\n\n\r\n<section class=\"perspectives\" >\r\n\t<div class=\"container\">\r\n\t\t<div class=\"parent\">\r\n\t\t\t\t\t\t\t\t<div\r\n\t\t\t\t\t\tclass=\"perspectives__item perspectives__item--right\">\r\n\t\t\t\t\t\t<div class=\"title\">\r\n\t\t\t\t\t\t\t<h2>Title<\/h2>\r\n\t\t\t\t\t\t<\/div>\r\n\t\t\t\t\t\t\t\t\t\t\t\t\t\t<div class=\"content-text content-text--0\">\r\n\t\t\t\t\t\t\t\t\t<h3 class=\"value h4\">\r\n\t\t\t\t\t\t\t\t\t\t10M\t\t\t\t\t\t\t\t\t<\/h3>\r\n\t\t\t\t\t\t\t\t\t<p class=\"label\">Subtitle<\/p>\r\n\t\t\t\t\t\t\t\t\t<p class=\"description\">Lorem ipsum dolor sit amet, consectetur adipiscing elit. Quisque tincidunt volutpat odio, finibus sodales nibh accumsan vehicula urna <\/p>\r\n\t\t\t\t\t\t\t\t<\/div>\r\n\t\t\t\t\t\t\t\t\t\t\t\t\t\t\t<div class=\"content-text content-text--1\">\r\n\t\t\t\t\t\t\t\t\t<h3 class=\"value h4\">\r\n\t\t\t\t\t\t\t\t\t\t10K\t\t\t\t\t\t\t\t\t<\/h3>\r\n\t\t\t\t\t\t\t\t\t<p class=\"label\">Subtitle<\/p>\r\n\t\t\t\t\t\t\t\t\t<p class=\"description\">Lorem ipsum dolor sit amet, consectetur adipiscing elit. Quisque tincidunt volutpat odio, finibus sodales nibh accumsan vehicula urna <\/p>\r\n\t\t\t\t\t\t\t\t<\/div>\r\n\t\t\t\t\t\t\t\t\t\t\t\t\t\t\t<div class=\"content-text content-text--2\">\r\n\t\t\t\t\t\t\t\t\t<h3 class=\"value h4\">\r\n\t\t\t\t\t\t\t\t\t\t1000K\t\t\t\t\t\t\t\t\t<\/h3>\r\n\t\t\t\t\t\t\t\t\t<p class=\"label\">Subtitle<\/p>\r\n\t\t\t\t\t\t\t\t\t<p class=\"description\">Lorem ipsum dolor sit amet, consectetur adipiscing elit. Quisque tincidunt volutpat odio, finibus sodales nibh accumsan vehicula urna <\/p>\r\n\t\t\t\t\t\t\t\t<\/div>\r\n\t\t\t\t\t\t\t\t\t\t\t\t\t\t\t<div class=\"content-text content-text--3\">\r\n\t\t\t\t\t\t\t\t\t<h3 class=\"value h4\">\r\n\t\t\t\t\t\t\t\t\t\t1000K\t\t\t\t\t\t\t\t\t<\/h3>\r\n\t\t\t\t\t\t\t\t\t<p class=\"label\">Subtitle<\/p>\r\n\t\t\t\t\t\t\t\t\t<p class=\"description\">Lorem ipsum dolor sit amet, consectetur adipiscing elit. Quisque tincidunt volutpat odio, finibus sodales nibh accumsan vehicula urna <\/p>\r\n\t\t\t\t\t\t\t\t<\/div>\r\n\t\t\t\t\t\t\t\t\t\t\t\t\t<div class=\"image\">\r\n\t\t\t\t\t\t\t<img loading=\"lazy\" decoding=\"async\" width=\"528\" height=\"464\" src=\"http:\/\/dev.autodoc.megasite.tech\/wp-content\/uploads\/2025\/09\/customer-reach-and-engagement.webp\" class=\"attachment-full size-full\" alt=\"Gl\u00fcckliche Familie mit einem Kind und einem Hund reist gemeinsam im Auto, Eltern sitzen vorne und l\u00e4cheln.\" srcset=\"http:\/\/dev.autodoc.megasite.tech\/wp-content\/uploads\/2025\/09\/customer-reach-and-engagement.webp 528w, http:\/\/dev.autodoc.megasite.tech\/wp-content\/uploads\/2025\/09\/customer-reach-and-engagement-300x264.webp 300w\" sizes=\"auto, (max-width: 528px) 100vw, 528px\" \/>\t\t\t\t\t\t<\/div>\r\n\t\t\t\t\t<\/div>\r\n\t\t\t\t\t\t\t\t\t<div\r\n\t\t\t\t\t\tclass=\"perspectives__item perspectives__item--left\">\r\n\t\t\t\t\t\t<div class=\"title\">\r\n\t\t\t\t\t\t\t<h2>Title<\/h2>\r\n\t\t\t\t\t\t<\/div>\r\n\t\t\t\t\t\t\t\t\t\t\t\t\t\t<div class=\"content-text content-text--0\">\r\n\t\t\t\t\t\t\t\t\t<h3 class=\"value h4\">\r\n\t\t\t\t\t\t\t\t\t\t10K\t\t\t\t\t\t\t\t\t<\/h3>\r\n\t\t\t\t\t\t\t\t\t<p class=\"label\">Subtitle<\/p>\r\n\t\t\t\t\t\t\t\t\t<p class=\"description\">Lorem ipsum dolor sit amet, consectetur adipiscing elit. Quisque tincidunt volutpat odio, finibus sodales nibh accumsan vehicula urna <\/p>\r\n\t\t\t\t\t\t\t\t<\/div>\r\n\t\t\t\t\t\t\t\t\t\t\t\t\t\t\t<div class=\"content-text content-text--1\">\r\n\t\t\t\t\t\t\t\t\t<h3 class=\"value h4\">\r\n\t\t\t\t\t\t\t\t\t\t10K\t\t\t\t\t\t\t\t\t<\/h3>\r\n\t\t\t\t\t\t\t\t\t<p class=\"label\">Subtitle<\/p>\r\n\t\t\t\t\t\t\t\t\t<p class=\"description\">Lorem ipsum dolor sit amet, consectetur adipiscing elit. Quisque tincidunt volutpat odio, finibus sodales nibh accumsan vehicula urna <\/p>\r\n\t\t\t\t\t\t\t\t<\/div>\r\n\t\t\t\t\t\t\t\t\t\t\t\t\t\t\t<div class=\"content-text content-text--2\">\r\n\t\t\t\t\t\t\t\t\t<h3 class=\"value h4\">\r\n\t\t\t\t\t\t\t\t\t\t100K\t\t\t\t\t\t\t\t\t<\/h3>\r\n\t\t\t\t\t\t\t\t\t<p class=\"label\">Subtitle<\/p>\r\n\t\t\t\t\t\t\t\t\t<p class=\"description\">Lorem ipsum dolor sit amet, consectetur adipiscing elit. Quisque tincidunt volutpat odio, finibus sodales nibh accumsan vehicula urna <\/p>\r\n\t\t\t\t\t\t\t\t<\/div>\r\n\t\t\t\t\t\t\t\t\t\t\t\t\t\t\t<div class=\"content-text content-text--3\">\r\n\t\t\t\t\t\t\t\t\t<h3 class=\"value h4\">\r\n\t\t\t\t\t\t\t\t\t\t1000K\t\t\t\t\t\t\t\t\t<\/h3>\r\n\t\t\t\t\t\t\t\t\t<p class=\"label\">Subtitle<\/p>\r\n\t\t\t\t\t\t\t\t\t<p class=\"description\">Lorem ipsum dolor sit amet, consectetur adipiscing elit. Quisque tincidunt volutpat odio, finibus sodales nibh accumsan vehicula urna <\/p>\r\n\t\t\t\t\t\t\t\t<\/div>\r\n\t\t\t\t\t\t\t\t\t\t\t\t\t<div class=\"image\">\r\n\t\t\t\t\t\t\t<img loading=\"lazy\" decoding=\"async\" width=\"528\" height=\"696\" src=\"http:\/\/dev.autodoc.megasite.tech\/wp-content\/uploads\/2025\/09\/product-range-and-support.webp\" class=\"attachment-full size-full\" alt=\"Lagerarbeiter schiebt einen Wagen mit Kartons durch Regale, die mit Autoteilen gef\u00fcllt sind\" srcset=\"http:\/\/dev.autodoc.megasite.tech\/wp-content\/uploads\/2025\/09\/product-range-and-support.webp 528w, http:\/\/dev.autodoc.megasite.tech\/wp-content\/uploads\/2025\/09\/product-range-and-support-228x300.webp 228w\" sizes=\"auto, (max-width: 528px) 100vw, 528px\" \/>\t\t\t\t\t\t<\/div>\r\n\t\t\t\t\t<\/div>\r\n\t\t\t\t\t\t\t\t\t<div\r\n\t\t\t\t\t\tclass=\"perspectives__item perspectives__item--right\">\r\n\t\t\t\t\t\t<div class=\"title\">\r\n\t\t\t\t\t\t\t<h2>Title<\/h2>\r\n\t\t\t\t\t\t<\/div>\r\n\t\t\t\t\t\t\t\t\t\t\t\t\t\t<div class=\"content-text content-text--0\">\r\n\t\t\t\t\t\t\t\t\t<h3 class=\"value h4\">\r\n\t\t\t\t\t\t\t\t\t\t10M\t\t\t\t\t\t\t\t\t<\/h3>\r\n\t\t\t\t\t\t\t\t\t<p class=\"label\"><\/p>\r\n\t\t\t\t\t\t\t\t\t<p class=\"description\"><\/p>\r\n\t\t\t\t\t\t\t\t<\/div>\r\n\t\t\t\t\t\t\t\t\t\t\t\t\t\t\t<div class=\"content-text content-text--1\">\r\n\t\t\t\t\t\t\t\t\t<h3 class=\"value h4\">\r\n\t\t\t\t\t\t\t\t\t\t10M\t\t\t\t\t\t\t\t\t<\/h3>\r\n\t\t\t\t\t\t\t\t\t<p class=\"label\">Subtitle<\/p>\r\n\t\t\t\t\t\t\t\t\t<p class=\"description\">Lorem ipsum dolor sit amet, consectetur adipiscing elit. Quisque tincidunt volutpat odio, finibus sodales nibh accumsan vehicula urna <\/p>\r\n\t\t\t\t\t\t\t\t<\/div>\r\n\t\t\t\t\t\t\t\t\t\t\t\t\t\t\t<div class=\"content-text content-text--2\">\r\n\t\t\t\t\t\t\t\t\t<h3 class=\"value h4\">\r\n\t\t\t\t\t\t\t\t\t\t10M\t\t\t\t\t\t\t\t\t<\/h3>\r\n\t\t\t\t\t\t\t\t\t<p class=\"label\">Subtitle<\/p>\r\n\t\t\t\t\t\t\t\t\t<p class=\"description\">Lorem ipsum dolor sit amet, consectetur adipiscing elit. Quisque tincidunt volutpat odio, finibus sodales nibh accumsan vehicula urna <\/p>\r\n\t\t\t\t\t\t\t\t<\/div>\r\n\t\t\t\t\t\t\t\t\t\t\t\t\t\t\t<div class=\"content-text content-text--3\">\r\n\t\t\t\t\t\t\t\t\t<h3 class=\"value h4\">\r\n\t\t\t\t\t\t\t\t\t\t10M\t\t\t\t\t\t\t\t\t<\/h3>\r\n\t\t\t\t\t\t\t\t\t<p class=\"label\">Subtitle<\/p>\r\n\t\t\t\t\t\t\t\t\t<p class=\"description\">Lorem ipsum dolor sit amet, consectetur adipiscing elit. Quisque tincidunt volutpat odio, finibus sodales nibh accumsan vehicula urna <\/p>\r\n\t\t\t\t\t\t\t\t<\/div>\r\n\t\t\t\t\t\t\t\t\t\t\t\t\t<div class=\"image\">\r\n\t\t\t\t\t\t\t<img loading=\"lazy\" decoding=\"async\" width=\"528\" height=\"464\" src=\"http:\/\/dev.autodoc.megasite.tech\/wp-content\/uploads\/2025\/09\/supply-chain-and-logistics.webp\" class=\"attachment-full size-full\" alt=\"Autodoc Logistikzentrum mit F\u00f6rderb\u00e4ndern und automatisierten Robotern, die orangefarbene und braune Pakete sortieren.\" srcset=\"http:\/\/dev.autodoc.megasite.tech\/wp-content\/uploads\/2025\/09\/supply-chain-and-logistics.webp 528w, http:\/\/dev.autodoc.megasite.tech\/wp-content\/uploads\/2025\/09\/supply-chain-and-logistics-300x264.webp 300w\" sizes=\"auto, (max-width: 528px) 100vw, 528px\" \/>\t\t\t\t\t\t<\/div>\r\n\t\t\t\t\t<\/div>\r\n\t\t\t\t\t\t\t\t\t<div\r\n\t\t\t\t\t\tclass=\"perspectives__item perspectives__item--left\">\r\n\t\t\t\t\t\t<div class=\"title\">\r\n\t\t\t\t\t\t\t<h2>Title<\/h2>\r\n\t\t\t\t\t\t<\/div>\r\n\t\t\t\t\t\t\t\t\t\t\t\t\t\t<div class=\"content-text content-text--0\">\r\n\t\t\t\t\t\t\t\t\t<h3 class=\"value h4\">\r\n\t\t\t\t\t\t\t\t\t\t10M\t\t\t\t\t\t\t\t\t<\/h3>\r\n\t\t\t\t\t\t\t\t\t<p class=\"label\">Subtitle<\/p>\r\n\t\t\t\t\t\t\t\t\t<p class=\"description\">Lorem ipsum dolor sit amet, consectetur adipiscing elit. Quisque tincidunt volutpat odio, finibus sodales nibh accumsan vehicula urna <\/p>\r\n\t\t\t\t\t\t\t\t<\/div>\r\n\t\t\t\t\t\t\t\t\t\t\t\t\t\t\t<div class=\"content-text content-text--1\">\r\n\t\t\t\t\t\t\t\t\t<h3 class=\"value h4\">\r\n\t\t\t\t\t\t\t\t\t\t10M\t\t\t\t\t\t\t\t\t<\/h3>\r\n\t\t\t\t\t\t\t\t\t<p class=\"label\">Subtitle<\/p>\r\n\t\t\t\t\t\t\t\t\t<p class=\"description\">Lorem ipsum dolor sit amet, consectetur adipiscing elit. Quisque tincidunt volutpat odio, finibus sodales nibh accumsan vehicula urna <\/p>\r\n\t\t\t\t\t\t\t\t<\/div>\r\n\t\t\t\t\t\t\t\t\t\t\t\t\t\t\t<div class=\"content-text content-text--2\">\r\n\t\t\t\t\t\t\t\t\t<h3 class=\"value h4\">\r\n\t\t\t\t\t\t\t\t\t\t10M\t\t\t\t\t\t\t\t\t<\/h3>\r\n\t\t\t\t\t\t\t\t\t<p class=\"label\">Subtitle<\/p>\r\n\t\t\t\t\t\t\t\t\t<p class=\"description\">Lorem ipsum dolor sit amet, consectetur adipiscing elit. Quisque tincidunt volutpat odio, finibus sodales nibh accumsan vehicula urna <\/p>\r\n\t\t\t\t\t\t\t\t<\/div>\r\n\t\t\t\t\t\t\t\t\t\t\t\t\t\t\t<div class=\"content-text content-text--3\">\r\n\t\t\t\t\t\t\t\t\t<h3 class=\"value h4\">\r\n\t\t\t\t\t\t\t\t\t\t10M\t\t\t\t\t\t\t\t\t<\/h3>\r\n\t\t\t\t\t\t\t\t\t<p class=\"label\">Subtitle<\/p>\r\n\t\t\t\t\t\t\t\t\t<p class=\"description\">Lorem ipsum dolor sit amet, consectetur adipiscing elit. Quisque tincidunt volutpat odio, finibus sodales nibh accumsan vehicula urna <\/p>\r\n\t\t\t\t\t\t\t\t<\/div>\r\n\t\t\t\t\t\t\t\t\t\t\t\t\t<div class=\"image\">\r\n\t\t\t\t\t\t\t<img loading=\"lazy\" decoding=\"async\" width=\"520\" height=\"384\" src=\"http:\/\/dev.autodoc.megasite.tech\/wp-content\/uploads\/2025\/09\/facts-and-figures-financial-performance-layer.webp\" class=\"attachment-full size-full\" alt=\"L\u00e4chelnder Mann f\u00e4hrt ein Auto mit einer Frau als Beifahrerin, beide genie\u00dfen die Fahrt.\" srcset=\"http:\/\/dev.autodoc.megasite.tech\/wp-content\/uploads\/2025\/09\/facts-and-figures-financial-performance-layer.webp 520w, http:\/\/dev.autodoc.megasite.tech\/wp-content\/uploads\/2025\/09\/facts-and-figures-financial-performance-layer-300x222.webp 300w\" sizes=\"auto, (max-width: 520px) 100vw, 520px\" \/>\t\t\t\t\t\t<\/div>\r\n\t\t\t\t\t<\/div>\r\n\t\t\t\t\t\t<\/div>\r\n\t<\/div>\r\n<\/section>\r\n","protected":false},"excerpt":{"rendered":"","protected":false},"author":1,"featured_media":0,"parent":327,"menu_order":2,"comment_status":"closed","ping_status":"closed","template":"","meta":{"_acf_changed":false,"footnotes":""},"class_list":["post-334","page","type-page","status-publish","hentry"],"acf":[],"_links":{"self":[{"href":"http:\/\/dev.autodoc.megasite.tech\/de\/wp-json\/wp\/v2\/pages\/334","targetHints":{"allow":["GET"]}}],"collection":[{"href":"http:\/\/dev.autodoc.megasite.tech\/de\/wp-json\/wp\/v2\/pages"}],"about":[{"href":"http:\/\/dev.autodoc.megasite.tech\/de\/wp-json\/wp\/v2\/types\/page"}],"author":[{"embeddable":true,"href":"http:\/\/dev.autodoc.megasite.tech\/de\/wp-json\/wp\/v2\/users\/1"}],"replies":[{"embeddable":true,"href":"http:\/\/dev.autodoc.megasite.tech\/de\/wp-json\/wp\/v2\/comments?post=334"}],"version-history":[{"count":2,"href":"http:\/\/dev.autodoc.megasite.tech\/de\/wp-json\/wp\/v2\/pages\/334\/revisions"}],"predecessor-version":[{"id":997,"href":"http:\/\/dev.autodoc.megasite.tech\/de\/wp-json\/wp\/v2\/pages\/334\/revisions\/997"}],"up":[{"embeddable":true,"href":"http:\/\/dev.autodoc.megasite.tech\/de\/wp-json\/wp\/v2\/pages\/327"}],"wp:attachment":[{"href":"http:\/\/dev.autodoc.megasite.tech\/de\/wp-json\/wp\/v2\/media?parent=334"}],"curies":[{"name":"wp","href":"https:\/\/api.w.org\/{rel}","templated":true}]}}